{"id":602,"date":"2025-10-14T16:12:02","date_gmt":"2025-10-14T16:12:02","guid":{"rendered":"https:\/\/www.shk-rechtnitz.de\/?page_id=602"},"modified":"2025-10-14T16:14:58","modified_gmt":"2025-10-14T16:14:58","slug":"impressum","status":"publish","type":"page","link":"https:\/\/www.shk-rechtnitz.de\/index.php\/impressum\/","title":{"rendered":"Impressum"},"content":{"rendered":"\t\t<div data-elementor-type=\"wp-page\" data-elementor-id=\"602\" class=\"elementor elementor-602\" data-elementor-post-type=\"page\">\n\t\t\t\t<div class=\"elementor-element elementor-element-47f1e50 e-flex e-con-boxed e-con e-parent\" data-id=\"47f1e50\" data-element_type=\"container\">\n\t\t\t\t\t<div class=\"e-con-inner\">\n\t\t\t\t<div class=\"elementor-element elementor-element-d01524e elementor-widget elementor-widget-text-editor\" data-id=\"d01524e\" data-element_type=\"widget\" data-widget_type=\"text-editor.default\">\n\t\t\t\t\t\t\t\t\t<h2 data-start=\"198\" data-end=\"217\" style=\"caret-color: rgb(0, 0, 0); color: rgb(0, 0, 0);\">\ud83e\uddfe&nbsp;<strong data-start=\"204\" data-end=\"217\">Impressum<\/strong><\/h2><p data-start=\"219\" data-end=\"244\" style=\"caret-color: rgb(0, 0, 0); color: rgb(0, 0, 0);\"><strong data-start=\"219\" data-end=\"244\">Angaben gem\u00e4\u00df \u00a7 5 TMG<\/strong><\/p><p data-start=\"246\" data-end=\"315\" style=\"caret-color: rgb(0, 0, 0); color: rgb(0, 0, 0);\">Carlo Rechtnitz<br data-start=\"261\" data-end=\"264\">Hans-Otto-Stra\u00dfe 1A<br data-start=\"283\" data-end=\"286\">04109 Leipzig<br data-start=\"299\" data-end=\"302\">Deutschland<\/p><p data-start=\"317\" data-end=\"383\" style=\"caret-color: rgb(0, 0, 0); color: rgb(0, 0, 0);\">Telefon: +49 171 333 0770<br data-start=\"342\" data-end=\"345\">E-Mail:&nbsp;<a data-start=\"353\" data-end=\"381\" class=\"decorated-link cursor-pointer\" rel=\"noopener\">carlo.rechtnitzshk@gmail.com<span aria-hidden=\"true\" class=\"ms-0.5 inline-block align-middle leading-none\"><svg width=\"20\" height=\"20\" viewBox=\"0 0 20 20\" fill=\"currentColor\" xmlns=\"http:\/\/www.w3.org\/2000\/svg\" data-rtl-flip=\"\" class=\"block h-[0.75em] w-[0.75em] stroke-current stroke-[0.75]\"><path d=\"M14.3349 13.3301V6.60645L5.47065 15.4707C5.21095 15.7304 4.78895 15.7304 4.52925 15.4707C4.26955 15.211 4.26955 14.789 4.52925 14.5293L13.3935 5.66504H6.66011C6.29284 5.66504 5.99507 5.36727 5.99507 5C5.99507 4.63273 6.29284 4.33496 6.66011 4.33496H14.9999L15.1337 4.34863C15.4369 4.41057 15.665 4.67857 15.665 5V13.3301C15.6649 13.6973 15.3672 13.9951 14.9999 13.9951C14.6327 13.9951 14.335 13.6973 14.3349 13.3301Z\"><\/path><\/svg><\/span><\/a><\/p><p data-start=\"385\" data-end=\"483\" style=\"caret-color: rgb(0, 0, 0); color: rgb(0, 0, 0);\"><strong data-start=\"385\" data-end=\"407\">Berufsbezeichnung:<\/strong><br data-start=\"407\" data-end=\"410\">Sanit\u00e4r-, Heizungs- und Klimatechniker (SHK)<br data-start=\"454\" data-end=\"457\">(verliehen in Deutschland)<\/p><p data-start=\"485\" data-end=\"570\" style=\"caret-color: rgb(0, 0, 0); color: rgb(0, 0, 0);\"><strong data-start=\"485\" data-end=\"505\">Umsatzsteuer-ID:<\/strong><br data-start=\"505\" data-end=\"508\">Nicht vorhanden (Einzelunternehmer ohne ausgewiesene USt-ID)<\/p><p data-start=\"572\" data-end=\"686\" style=\"caret-color: rgb(0, 0, 0); color: rgb(0, 0, 0);\"><strong data-start=\"572\" data-end=\"628\">Verantwortlich f\u00fcr den Inhalt nach \u00a7 55 Abs. 2 RStV:<\/strong><br data-start=\"628\" data-end=\"631\">Carlo Rechtnitz<br data-start=\"646\" data-end=\"649\">Hans-Otto-Stra\u00dfe 1A<br data-start=\"668\" data-end=\"671\">04109 Leipzig<\/p><p data-start=\"688\" data-end=\"1393\" style=\"caret-color: rgb(0, 0, 0); color: rgb(0, 0, 0);\"><strong data-start=\"688\" data-end=\"712\">Haftung f\u00fcr Inhalte:<\/strong><br data-start=\"712\" data-end=\"715\">Als Diensteanbieter bin ich gem\u00e4\u00df \u00a7 7 Abs. 1 TMG f\u00fcr eigene Inhalte auf diesen Seiten nach den allgemeinen Gesetzen verantwortlich. Nach \u00a7\u00a7 8 bis 10 TMG bin ich jedoch nicht verpflichtet, \u00fcbermittelte oder gespeicherte fremde Informationen zu \u00fcberwachen oder nach Umst\u00e4nden zu forschen, die auf eine rechtswidrige T\u00e4tigkeit hinweisen. Verpflichtungen zur Entfernung oder Sperrung der Nutzung von Informationen nach den allgemeinen Gesetzen bleiben hiervon unber\u00fchrt. Eine diesbez\u00fcgliche Haftung ist jedoch erst ab dem Zeitpunkt der Kenntnis einer konkreten Rechtsverletzung m\u00f6glich. Bei Bekanntwerden entsprechender Rechtsverletzungen werde ich diese Inhalte umgehend entfernen.<\/p><p data-start=\"1395\" data-end=\"2102\" style=\"caret-color: rgb(0, 0, 0); color: rgb(0, 0, 0);\"><strong data-start=\"1395\" data-end=\"1417\">Haftung f\u00fcr Links:<\/strong><br data-start=\"1417\" data-end=\"1420\">Mein Angebot enth\u00e4lt Links zu externen Websites Dritter, auf deren Inhalte ich keinen Einfluss habe. Deshalb kann ich f\u00fcr diese fremden Inhalte auch keine Gew\u00e4hr \u00fcbernehmen. F\u00fcr die Inhalte der verlinkten Seiten ist stets der jeweilige Anbieter oder Betreiber der Seiten verantwortlich. Die verlinkten Seiten wurden zum Zeitpunkt der Verlinkung auf m\u00f6gliche Rechtsverst\u00f6\u00dfe \u00fcberpr\u00fcft. Rechtswidrige Inhalte waren zum Zeitpunkt der Verlinkung nicht erkennbar. Eine permanente inhaltliche Kontrolle der verlinkten Seiten ist jedoch ohne konkrete Anhaltspunkte einer Rechtsverletzung nicht zumutbar. Bei Bekanntwerden von Rechtsverletzungen werde ich derartige Links umgehend entfernen.<\/p><p data-start=\"2104\" data-end=\"2481\" style=\"caret-color: rgb(0, 0, 0); color: rgb(0, 0, 0);\"><strong data-start=\"2104\" data-end=\"2121\">Urheberrecht:<\/strong><br data-start=\"2121\" data-end=\"2124\">Die durch den Seitenbetreiber erstellten Inhalte und Werke auf diesen Seiten unterliegen dem deutschen Urheberrecht. Beitr\u00e4ge Dritter sind als solche gekennzeichnet. Die Vervielf\u00e4ltigung, Bearbeitung, Verbreitung und jede Art der Verwertung au\u00dferhalb der Grenzen des Urheberrechts bed\u00fcrfen der schriftlichen Zustimmung des jeweiligen Autors bzw. Erstellers.<\/p>\t\t\t\t\t\t\t\t<\/div>\n\t\t\t\t\t<\/div>\n\t\t\t\t<\/div>\n\t\t\t\t<\/div>\n\t\t","protected":false},"excerpt":{"rendered":"<p>\ud83e\uddfe&nbsp;Impressum Angaben gem\u00e4\u00df \u00a7 5 TMG Carlo RechtnitzHans-Otto-Stra\u00dfe 1A04109 LeipzigDeutschland Telefon: +49 171 333 0770E-Mail:&nbsp;carlo.rechtnitzshk@gmail.com Berufsbezeichnung:Sanit\u00e4r-, Heizungs- und Klimatechniker (SHK)(verliehen in Deutschland) Umsatzsteuer-ID:Nicht vorhanden (Einzelunternehmer ohne ausgewiesene USt-ID) Verantwortlich f\u00fcr den Inhalt nach \u00a7 55 Abs. 2 RStV:Carlo RechtnitzHans-Otto-Stra\u00dfe 1A04109 Leipzig Haftung f\u00fcr Inhalte:Als Diensteanbieter bin ich gem\u00e4\u00df \u00a7 7 Abs. 1 TMG f\u00fcr eigene [&hellip;]<\/p>\n","protected":false},"author":1,"featured_media":0,"parent":0,"menu_order":0,"comment_status":"closed","ping_status":"closed","template":"","meta":{"footnotes":""},"class_list":["post-602","page","type-page","status-publish","hentry"],"_links":{"self":[{"href":"https:\/\/www.shk-rechtnitz.de\/index.php\/wp-json\/wp\/v2\/pages\/602","targetHints":{"allow":["GET"]}}],"collection":[{"href":"https:\/\/www.shk-rechtnitz.de\/index.php\/wp-json\/wp\/v2\/pages"}],"about":[{"href":"https:\/\/www.shk-rechtnitz.de\/index.php\/wp-json\/wp\/v2\/types\/page"}],"author":[{"embeddable":true,"href":"https:\/\/www.shk-rechtnitz.de\/index.php\/wp-json\/wp\/v2\/users\/1"}],"replies":[{"embeddable":true,"href":"https:\/\/www.shk-rechtnitz.de\/index.php\/wp-json\/wp\/v2\/comments?post=602"}],"version-history":[{"count":4,"href":"https:\/\/www.shk-rechtnitz.de\/index.php\/wp-json\/wp\/v2\/pages\/602\/revisions"}],"predecessor-version":[{"id":608,"href":"https:\/\/www.shk-rechtnitz.de\/index.php\/wp-json\/wp\/v2\/pages\/602\/revisions\/608"}],"wp:attachment":[{"href":"https:\/\/www.shk-rechtnitz.de\/index.php\/wp-json\/wp\/v2\/media?parent=602"}],"curies":[{"name":"wp","href":"https:\/\/api.w.org\/{rel}","templated":true}]}}