{"id":595,"date":"2025-10-14T16:01:48","date_gmt":"2025-10-14T16:01:48","guid":{"rendered":"https:\/\/www.shk-rechtnitz.de\/?page_id=595"},"modified":"2025-10-14T16:11:19","modified_gmt":"2025-10-14T16:11:19","slug":"datenschutz","status":"publish","type":"page","link":"https:\/\/www.shk-rechtnitz.de\/index.php\/datenschutz\/","title":{"rendered":"Datenschutz"},"content":{"rendered":"\t\t<div data-elementor-type=\"wp-page\" data-elementor-id=\"595\" class=\"elementor elementor-595\" data-elementor-post-type=\"page\">\n\t\t\t\t<div class=\"elementor-element elementor-element-7bf7a14 e-flex e-con-boxed e-con e-parent\" data-id=\"7bf7a14\" data-element_type=\"container\">\n\t\t\t\t\t<div class=\"e-con-inner\">\n\t\t\t\t<div class=\"elementor-element elementor-element-31fbd0f elementor-widget elementor-widget-text-editor\" data-id=\"31fbd0f\" data-element_type=\"widget\" data-widget_type=\"text-editor.default\">\n\t\t\t\t\t\t\t\t\t<h2 data-start=\"2488\" data-end=\"2518\">\ud83d\udd12 <strong data-start=\"2494\" data-end=\"2518\">Datenschutzerkl\u00e4rung<\/strong><\/h2><p data-start=\"2520\" data-end=\"2554\"><strong data-start=\"2520\" data-end=\"2554\">1. Datenschutz auf einen Blick<\/strong><\/p><p data-start=\"2556\" data-end=\"2755\">Der Schutz Ihrer pers\u00f6nlichen Daten ist mir wichtig. Ich behandle Ihre personenbezogenen Daten vertraulich und entsprechend den gesetzlichen Datenschutzvorschriften sowie dieser Datenschutzerkl\u00e4rung.<\/p><hr data-start=\"2757\" data-end=\"2760\" \/><p data-start=\"2762\" data-end=\"2785\"><strong data-start=\"2762\" data-end=\"2785\">2. Verantwortlicher<\/strong><\/p><p data-start=\"2787\" data-end=\"2909\">Carlo Rechtnitz<br data-start=\"2802\" data-end=\"2805\" \/>Hans-Otto-Stra\u00dfe 1A<br data-start=\"2824\" data-end=\"2827\" \/>04109 Leipzig<br data-start=\"2840\" data-end=\"2843\" \/>E-Mail: <a class=\"decorated-link cursor-pointer\" rel=\"noopener\" data-start=\"2851\" data-end=\"2879\">carlo.rechtnitzshk@gmail.com<\/a><br data-start=\"2879\" data-end=\"2882\" \/>Telefon: +49 171 333 0770<\/p><hr data-start=\"2911\" data-end=\"2914\" \/><p data-start=\"2916\" data-end=\"2973\"><strong data-start=\"2916\" data-end=\"2973\">3. Erfassung und Verarbeitung personenbezogener Daten<\/strong><\/p><p data-start=\"2975\" data-end=\"3294\">Beim Besuch dieser Website werden automatisch Informationen allgemeiner Natur erfasst (z. B. Browsertyp, verwendetes Betriebssystem, Referrer URL, Zeitpunkt des Seitenaufrufs). Diese Daten lassen keine R\u00fcckschl\u00fcsse auf Ihre Person zu und dienen ausschlie\u00dflich der Sicherstellung eines st\u00f6rungsfreien Betriebs der Seite.<\/p><p data-start=\"3296\" data-end=\"3579\">Wenn Sie \u00fcber ein Kontaktformular mit mir in Verbindung treten, werden Ihre Angaben aus dem Formular inklusive der dort angegebenen Kontaktdaten zwecks Bearbeitung der Anfrage und f\u00fcr den Fall von Anschlussfragen gespeichert. Diese Daten gebe ich nicht ohne Ihre Einwilligung weiter.<\/p><p data-start=\"3581\" data-end=\"3700\">Rechtsgrundlage f\u00fcr die Verarbeitung ist Art. 6 Abs. 1 lit. b DSGVO (Vertragserf\u00fcllung bzw. vorvertragliche Ma\u00dfnahmen).<\/p><hr data-start=\"3702\" data-end=\"3705\" \/><p data-start=\"3707\" data-end=\"3736\"><strong data-start=\"3707\" data-end=\"3736\">4. Verwendung von Cookies<\/strong><\/p><p data-start=\"3738\" data-end=\"3900\">Diese Website verwendet nur technisch notwendige Cookies, die f\u00fcr den Betrieb der Seite erforderlich sind. Eine Tracking- oder Analysefunktion findet nicht statt.<\/p><hr data-start=\"3902\" data-end=\"3905\" \/><p data-start=\"3907\" data-end=\"3941\"><strong data-start=\"3907\" data-end=\"3941\">5. Verwendung von Google Fonts<\/strong><\/p><p data-start=\"3943\" data-end=\"4539\">Zur einheitlichen Darstellung von Schriftarten verwendet diese Website gegebenenfalls Google Fonts, einen Dienst der Google Ireland Limited.<br data-start=\"4083\" data-end=\"4086\" \/>Beim Aufruf der Seite l\u00e4dt Ihr Browser die ben\u00f6tigten Schriftarten in den Browsercache. Dabei kann Google Ihre IP-Adresse erhalten.<br data-start=\"4217\" data-end=\"4220\" \/>Rechtsgrundlage: Art. 6 Abs. 1 lit. f DSGVO (berechtigtes Interesse an einer ansprechenden Darstellung).<br data-start=\"4324\" data-end=\"4327\" \/>Mehr Informationen: <a class=\"decorated-link cursor-pointer\" target=\"_new\" rel=\"noopener\" data-start=\"4347\" data-end=\"4429\">https:\/\/developers.google.com\/fonts\/faq<\/a><br data-start=\"4429\" data-end=\"4432\" \/>Datenschutzerkl\u00e4rung von Google: <a class=\"decorated-link cursor-pointer\" target=\"_new\" rel=\"noopener\" data-start=\"4465\" data-end=\"4539\">https:\/\/policies.google.com\/privacy<\/a><\/p><hr data-start=\"4541\" data-end=\"4544\" \/><p data-start=\"4546\" data-end=\"4584\"><strong data-start=\"4546\" data-end=\"4584\">6. Google Maps (falls eingebunden)<\/strong><\/p><p data-start=\"4586\" data-end=\"4892\">Wenn Sie auf der Website eine Karte \u00fcber Google Maps ansehen, werden von Google Daten \u00fcber die Nutzung der Kartenfunktionen erhoben und verarbeitet.<br data-start=\"4734\" data-end=\"4737\" \/>Anbieter: Google Ireland Limited.<br data-start=\"4770\" data-end=\"4773\" \/>Rechtsgrundlage: Art. 6 Abs. 1 lit. f DSGVO.<br data-start=\"4817\" data-end=\"4820\" \/>Weitere Informationen finden Sie in der Datenschutzerkl\u00e4rung von Google.<\/p><hr data-start=\"4894\" data-end=\"4897\" \/><p data-start=\"4899\" data-end=\"4917\"><strong data-start=\"4899\" data-end=\"4917\">7. Ihre Rechte<\/strong><\/p><p data-start=\"4919\" data-end=\"4953\">Sie haben jederzeit das Recht auf:<\/p><ul data-start=\"4954\" data-end=\"5249\"><li data-start=\"4954\" data-end=\"5012\"><p data-start=\"4956\" data-end=\"5012\">Auskunft \u00fcber Ihre gespeicherten Daten (Art. 15 DSGVO)<\/p><\/li><li data-start=\"5013\" data-end=\"5063\"><p data-start=\"5015\" data-end=\"5063\">Berichtigung unrichtiger Daten (Art. 16 DSGVO)<\/p><\/li><li data-start=\"5064\" data-end=\"5104\"><p data-start=\"5066\" data-end=\"5104\">L\u00f6schung Ihrer Daten (Art. 17 DSGVO)<\/p><\/li><li data-start=\"5105\" data-end=\"5155\"><p data-start=\"5107\" data-end=\"5155\">Einschr\u00e4nkung der Verarbeitung (Art. 18 DSGVO)<\/p><\/li><li data-start=\"5156\" data-end=\"5210\"><p data-start=\"5158\" data-end=\"5210\">Widerspruch gegen die Verarbeitung (Art. 21 DSGVO)<\/p><\/li><li data-start=\"5211\" data-end=\"5249\"><p data-start=\"5213\" data-end=\"5249\">Daten\u00fcbertragbarkeit (Art. 20 DSGVO)<\/p><\/li><\/ul><p data-start=\"5251\" data-end=\"5396\">Beschwerden k\u00f6nnen Sie bei der zust\u00e4ndigen Aufsichtsbeh\u00f6rde einreichen:<br data-start=\"5322\" data-end=\"5325\" \/>S\u00e4chsischer Datenschutzbeauftragter, Devrientstra\u00dfe 5, 01067 Dresden.<\/p><hr data-start=\"5398\" data-end=\"5401\" \/><p data-start=\"5403\" data-end=\"5448\"><strong data-start=\"5403\" data-end=\"5448\">8. \u00c4nderungen dieser Datenschutzerkl\u00e4rung<\/strong><\/p><p data-start=\"5450\" data-end=\"5588\">Ich behalte mir vor, diese Datenschutzerkl\u00e4rung bei Bedarf anzupassen, damit sie stets den aktuellen rechtlichen Anforderungen entspricht.<\/p>\t\t\t\t\t\t\t\t<\/div>\n\t\t\t\t\t<\/div>\n\t\t\t\t<\/div>\n\t\t\t\t<\/div>\n\t\t","protected":false},"excerpt":{"rendered":"<p>\ud83d\udd12 Datenschutzerkl\u00e4rung 1. Datenschutz auf einen Blick Der Schutz Ihrer pers\u00f6nlichen Daten ist mir wichtig. Ich behandle Ihre personenbezogenen Daten vertraulich und entsprechend den gesetzlichen Datenschutzvorschriften sowie dieser Datenschutzerkl\u00e4rung. 2. Verantwortlicher Carlo RechtnitzHans-Otto-Stra\u00dfe 1A04109 LeipzigE-Mail: carlo.rechtnitzshk@gmail.comTelefon: +49 171 333 0770 3. Erfassung und Verarbeitung personenbezogener Daten Beim Besuch dieser Website werden automatisch Informationen allgemeiner Natur [&hellip;]<\/p>\n","protected":false},"author":1,"featured_media":0,"parent":0,"menu_order":0,"comment_status":"closed","ping_status":"closed","template":"","meta":{"footnotes":""},"class_list":["post-595","page","type-page","status-publish","hentry"],"_links":{"self":[{"href":"https:\/\/www.shk-rechtnitz.de\/index.php\/wp-json\/wp\/v2\/pages\/595","targetHints":{"allow":["GET"]}}],"collection":[{"href":"https:\/\/www.shk-rechtnitz.de\/index.php\/wp-json\/wp\/v2\/pages"}],"about":[{"href":"https:\/\/www.shk-rechtnitz.de\/index.php\/wp-json\/wp\/v2\/types\/page"}],"author":[{"embeddable":true,"href":"https:\/\/www.shk-rechtnitz.de\/index.php\/wp-json\/wp\/v2\/users\/1"}],"replies":[{"embeddable":true,"href":"https:\/\/www.shk-rechtnitz.de\/index.php\/wp-json\/wp\/v2\/comments?post=595"}],"version-history":[{"count":4,"href":"https:\/\/www.shk-rechtnitz.de\/index.php\/wp-json\/wp\/v2\/pages\/595\/revisions"}],"predecessor-version":[{"id":600,"href":"https:\/\/www.shk-rechtnitz.de\/index.php\/wp-json\/wp\/v2\/pages\/595\/revisions\/600"}],"wp:attachment":[{"href":"https:\/\/www.shk-rechtnitz.de\/index.php\/wp-json\/wp\/v2\/media?parent=595"}],"curies":[{"name":"wp","href":"https:\/\/api.w.org\/{rel}","templated":true}]}}